{"id":18,"date":"2022-07-12T13:20:54","date_gmt":"2022-07-12T13:20:54","guid":{"rendered":"https:\/\/avocat-dreptcivil.ro\/sitedev\/?page_id=18"},"modified":"2022-07-18T12:26:47","modified_gmt":"2022-07-18T12:26:47","slug":"onorariu","status":"publish","type":"page","link":"https:\/\/avocat-dreptcivil.ro\/index.php\/onorariu\/","title":{"rendered":"Onorariu"},"content":{"rendered":"\n<p>Onorariile sunt modice \u0219i se negociaz\u0103 pentru fiecare caz \u00een parte. Clientul poate opta, \u00een func\u021bie de propriile interese, pentru unul din urmatoarele tipuri de onorariu:<br>&#8211; onorariu fix<br>&#8211; onorariu pe or\u0103<br>&#8211; onorariu de succes<br>&#8211; onorariu tip abonament<br>\u00a0<br>La stabilirea onorariului se va tine cont de urmatoarele elemente:<br>&#8211; natura si dificultatea cazului<br>&#8211; timpul si volumul de munc\u0103 solicitat pentru executarea mandatului primit sau activita\u021bii solicitate de catre client<br>&#8211; importan\u021ba intereselor \u00een cauz\u0103<br>&#8211; avantajele \u0219i rezultatele ob\u021binute \u00een beneficiul clientului<\/p>\n\n\n\n<p>Pentru activitatea sa profesional\u0103 avocatul are dreptul la onorariu \u0219i la acoperirea tuturor cheltuielilor, f\u0103cute \u00een interesul clientului s\u0103u.<\/p>\n","protected":false},"excerpt":{"rendered":"<p>Onorariile sunt modice \u0219i se negociaz\u0103 pentru fiecare caz \u00een parte. Clientul poate opta, \u00een func\u021bie de propriile interese, pentru unul din urmatoarele tipuri de onorariu:&#8211; onorariu fix&#8211; onorariu pe or\u0103&#8211; onorariu de succes&#8211; onorariu tip abonament\u00a0La stabilirea onorariului se va tine cont de urmatoarele elemente:&#8211; natura si dificultatea cazului&#8211; timpul si volumul de munc\u0103 [&hellip;]<\/p>\n","protected":false},"author":1,"featured_media":0,"parent":0,"menu_order":0,"comment_status":"closed","ping_status":"closed","template":"","meta":{"_acf_changed":false,"footnotes":""},"class_list":["post-18","page","type-page","status-publish","hentry"],"acf":[],"_links":{"self":[{"href":"https:\/\/avocat-dreptcivil.ro\/index.php\/wp-json\/wp\/v2\/pages\/18","targetHints":{"allow":["GET"]}}],"collection":[{"href":"https:\/\/avocat-dreptcivil.ro\/index.php\/wp-json\/wp\/v2\/pages"}],"about":[{"href":"https:\/\/avocat-dreptcivil.ro\/index.php\/wp-json\/wp\/v2\/types\/page"}],"author":[{"embeddable":true,"href":"https:\/\/avocat-dreptcivil.ro\/index.php\/wp-json\/wp\/v2\/users\/1"}],"replies":[{"embeddable":true,"href":"https:\/\/avocat-dreptcivil.ro\/index.php\/wp-json\/wp\/v2\/comments?post=18"}],"version-history":[{"count":6,"href":"https:\/\/avocat-dreptcivil.ro\/index.php\/wp-json\/wp\/v2\/pages\/18\/revisions"}],"predecessor-version":[{"id":128,"href":"https:\/\/avocat-dreptcivil.ro\/index.php\/wp-json\/wp\/v2\/pages\/18\/revisions\/128"}],"wp:attachment":[{"href":"https:\/\/avocat-dreptcivil.ro\/index.php\/wp-json\/wp\/v2\/media?parent=18"}],"curies":[{"name":"wp","href":"https:\/\/api.w.org\/{rel}","templated":true}]}}