{"id":15,"date":"2022-07-12T13:07:40","date_gmt":"2022-07-12T13:07:40","guid":{"rendered":"https:\/\/avocat-dreptcivil.ro\/sitedev\/?page_id=15"},"modified":"2022-07-18T15:06:10","modified_gmt":"2022-07-18T15:06:10","slug":"servicii","status":"publish","type":"page","link":"https:\/\/avocat-dreptcivil.ro\/index.php\/servicii\/","title":{"rendered":"Servicii Oferite"},"content":{"rendered":"\n<p>&#8211; consulta\u021bii \u0219i cereri cu caracter juridic<br>&#8211; redactarea \u0219i\/sau furnizarea c\u0103tre client a opiniilor juridice \u0219i informa\u021biilor cu privire la problematica solicitat\u0103 a fi analizat\u0103<br>&#8211; elaborarea de opinii legale<br>&#8211; elaborarea proiectelor de acte juridice (contracte, conven\u021bii, statute etc.) si asistarea clientului la negocierile referitoare la acestea<br>&#8211; elaborarea proiectelor de acte normative<br>&#8211; participarea \u00een calitate de consultant la activitatea organelor deliberative ale unei persoane juridice, \u00een condi\u021biile legii<br>&#8211; orice alte consulta\u021bii \u00een domeniul juridic<br>&#8211; \u00eentocmirea \u0219i formularea de cereri, notific\u0103ri, memorii sau peti\u021bii c\u0103tre autorit\u0103\u021bi, institu\u021bii \u0219i alte persoane, \u00een scopul ocrotirii si ap\u0103r\u0103rii drepturilor si intereselor legitime ale clientului<br>&#8211; asistarea \u0219i reprezentarea clien\u021bilor<br>&#8211; asigurare asistenta legal\u0103 \u0219i reprezentare \u00een fa\u021ba oricarei instante din Rom\u00e2nia, de la prima instant\u0103 p\u00e2n\u0103 la Curtea Suprem\u0103 de Justi\u021bie sau in fata Cur\u021bilor de Arbitraj<br>&#8211; activit\u0103\u021bi de mediere<br>&#8211; atestarea identit\u0103\u021bii p\u0103r\u021bilor, a con\u021binutului \u0219i a datei actelor prezentate spre autentificare<br>&#8211; autorizare-ob\u021binerea de certificate de urbanism, consultan\u021b<strong>\u0103<\/strong><\/p>\n","protected":false},"excerpt":{"rendered":"<p>&#8211; consulta\u021bii \u0219i cereri cu caracter juridic&#8211; redactarea \u0219i\/sau furnizarea c\u0103tre client a opiniilor juridice \u0219i informa\u021biilor cu privire la problematica solicitat\u0103 a fi analizat\u0103&#8211; elaborarea de opinii legale&#8211; elaborarea proiectelor de acte juridice (contracte, conven\u021bii, statute etc.) si asistarea clientului la negocierile referitoare la acestea&#8211; elaborarea proiectelor de acte normative&#8211; participarea \u00een calitate de [&hellip;]<\/p>\n","protected":false},"author":1,"featured_media":0,"parent":0,"menu_order":0,"comment_status":"closed","ping_status":"closed","template":"","meta":{"_acf_changed":false,"footnotes":""},"class_list":["post-15","page","type-page","status-publish","hentry"],"acf":[],"_links":{"self":[{"href":"https:\/\/avocat-dreptcivil.ro\/index.php\/wp-json\/wp\/v2\/pages\/15","targetHints":{"allow":["GET"]}}],"collection":[{"href":"https:\/\/avocat-dreptcivil.ro\/index.php\/wp-json\/wp\/v2\/pages"}],"about":[{"href":"https:\/\/avocat-dreptcivil.ro\/index.php\/wp-json\/wp\/v2\/types\/page"}],"author":[{"embeddable":true,"href":"https:\/\/avocat-dreptcivil.ro\/index.php\/wp-json\/wp\/v2\/users\/1"}],"replies":[{"embeddable":true,"href":"https:\/\/avocat-dreptcivil.ro\/index.php\/wp-json\/wp\/v2\/comments?post=15"}],"version-history":[{"count":7,"href":"https:\/\/avocat-dreptcivil.ro\/index.php\/wp-json\/wp\/v2\/pages\/15\/revisions"}],"predecessor-version":[{"id":134,"href":"https:\/\/avocat-dreptcivil.ro\/index.php\/wp-json\/wp\/v2\/pages\/15\/revisions\/134"}],"wp:attachment":[{"href":"https:\/\/avocat-dreptcivil.ro\/index.php\/wp-json\/wp\/v2\/media?parent=15"}],"curies":[{"name":"wp","href":"https:\/\/api.w.org\/{rel}","templated":true}]}}