{"id":13,"date":"2022-07-12T13:06:06","date_gmt":"2022-07-12T13:06:06","guid":{"rendered":"https:\/\/avocat-dreptcivil.ro\/sitedev\/?page_id=13"},"modified":"2022-07-18T15:06:35","modified_gmt":"2022-07-18T15:06:35","slug":"domenii","status":"publish","type":"page","link":"https:\/\/avocat-dreptcivil.ro\/index.php\/domenii\/","title":{"rendered":"Domenii de activitate"},"content":{"rendered":"\n<h2 class=\"wp-block-heading\">Drept Civil<\/h2>\n\n\n\n<p>&#8211; asistenta juridica si reprezentare \u00een litigii civile \u00een fata instantelor judecatoresti<br>&#8211; asistenta juridica \/ reprezentare \u00een cadrul procedurii necontencioase<br>&#8211; contestatii la executare, asistenta \/ reprezentare \u00een faza de executare silita<br>&#8211; recunoasterea hotar\u00e2rilor straine pe teritoriul Rom\u00e2niei<\/p>\n\n\n\n<h2 class=\"wp-block-heading\">Contracte Civile<\/h2>\n\n\n\n<p>&#8211; negociere, redactare \u00een forma atestata: contracte de v\u00e2nzare-cumparare, \u00eenchiriere, locatiune, comodat, arendare, donatie, \u00eemprumut, antrepriza, mandat, depozit, renta viagera, \u00eentretinere, tranzactie<\/p>\n\n\n\n<h2 class=\"wp-block-heading\">Drept Succesoral<\/h2>\n\n\n\n<p>&#8211; litigii testamentare<br>&#8211; succesiuni<br>&#8211; partaje succesorale<\/p>\n\n\n\n<h2 class=\"wp-block-heading\">Dreptul Familiei<\/h2>\n\n\n\n<p>&#8211; asistenta si reprezentare juridica \u00een actiuni de divort<br>&#8211; asistenta si reprezentare juridica \u00een actiuni de partaj<br>&#8211; pensie de \u00eentretinere minori, \u00eencredintare spre crestere si educare a copiilor minori<br>&#8211; asistenta si reprezentare \u00een actiuni ce vizeaza stabilirea filiatiei sau tagaduirea paternitatii copilului din casatorie sau din afara acesteia<br>&#8211; asistenta si reprezentare \u00een adoptii interne si internationale<br>&#8211; stabilire domiciliu minor, tutela, curatela<\/p>\n\n\n\n<h2 class=\"wp-block-heading\">Dreptul de Proprietate<\/h2>\n\n\n\n<p>&#8211; actiuni \u00een revendicare imobiliara<br>&#8211; \u00eentabulare drept de proprietate, \u00eenscriere \/ radiere ipoteci \u00een cartea funciara<br>&#8211; consultanta privind derularea unor proiecte de dezvoltare imobiliara: analiza acte de proprietate, legislatie incidenta, finatare,autorizatii<br>&#8211; actiuni \u00een granituire<br>&#8211; actiuni \u00een constatare<br>&#8211; actiuni posesorii<br>&#8211; actiuni confesorii \/negatorii privind dreptul de servitute, superficie, abitatie, uzufruct<br>&#8211; uzucapiune<br>&#8211; accesiune imobiliara<br>&#8211; actiuni \u00een evacuare<br>&#8211; partaj, iesire din indiviziune<\/p>\n\n\n\n<h2 class=\"wp-block-heading\">Dreptul Muncii<\/h2>\n\n\n\n<p>&#8211; asistenta juridica sau reprezentare \u00een fata instantelor judecatoresti in litigii de munca ale angajatilor,&nbsp;societatilor \/ institutiilor angajatoare sau organizatiilor sindicale<br>&#8211; consultanta juridica privind drepturile si obligatiile ce rezulta din contractele colective de munca si din contractele individuale de munca<br>&#8211; elaborare clauze de neconcurenta, mobilitate, confidentialitate etc.<br>&#8211; \u00eencheiere \/modificare contracte individuale de munca<br>&#8211; desfacere contracte individuale de munca<br>&#8211; anulare decizie de desfacere a contractului individual de munca<br>&#8211; concediere, abatere disciplinara, negociere conflicte de munca<br>&#8211; obtinere permise de munca pentru cetatenii straini, pe teritoriul Rom\u00e2niei<\/p>\n\n\n\n<h2 class=\"wp-block-heading\">Dreptul Asigur\u0103rilor<\/h2>\n\n\n\n<p>&#8211; asistenta juridica asiguratilor \u00een relatiile cu societatile de brokeraj sau de asigurare<br>&#8211; reprezentarea asiguratilor in litigiile cu societatile din domeniul asigurarilor<br>&#8211; asistenta juridica societatilor de asigurare si reasigurare, brokerilor si agentilor de asigurare<br>&#8211; consultanta privind contractele de asigurare si reasigurare, contractele de intermediere \u00een asigur\u0103ri<\/p>\n\n\n\n<h2 class=\"wp-block-heading\">Dreptul Consumatorului<\/h2>\n\n\n\n<p>&#8211; asistenta juridica si reprezentare \u00een litigii privind dreptul dreptul consumatorului<br>&#8211; consultanta privind contractele dintre comercianti si consumatori, clauze abusive, practici comerciale incorecte<br>&#8211; despagubiri pentru pagube cauzate de produse \/ servicii necorespunzatoare, \u00eenlocuirea produselor cu defect<\/p>\n\n\n\n<h2 class=\"wp-block-heading\">Drept Comercial<\/h2>\n\n\n\n<p>&#8211; asistenta juridica si reprezentare \u00een litigii comerciale \u00een fata instantelor judecatoresti si de arbitraj, precum si \u00een faza de executare silita<br>&#8211; recuperare creante de la debitori<br>&#8211; \u00eentocmire notificari \/ somatii, realizarea procedurii prealabile de conciliere<br>&#8211; somatii de plata<br>&#8211; insolventa: asistenta si reprezentare juridica, \u00een procedura reorganizarii judiciare si a falimentului<br>&#8211; fuziuni, divizari si lichidari de societati comerciale<br>&#8211; asistenta juridica la negocierea contractelor sau tranzactiilor comerciale<br>&nbsp;redactare si atestare contracte comerciale interne si internationale: contract de asociere \u00een participatiune, contract de factoring, contract de leasing, contract de franciza, contract de asigurare, contract de comision, contract de agentie, contract de consignatie, contract de garantiei reala mobiliara etc.<br>&#8211; reziliere contracte<br>&#8211; realizare de tranzactii judiciare sau extrajudiciare<br>&#8211; contestatii la executare<br>&#8211; raspundere penala a persoanei juridice<\/p>\n\n\n\n<h2 class=\"wp-block-heading\">Societ\u0103\u021bi Comerciale<\/h2>\n\n\n\n<p>&#8211; \u00eenfiintare societati comerciale, sucursale, filiale, puncte de lucru, reprezentante, asociatii, fundatii<br>&#8211; stabilire de sedii sociale temporare pentru societati, la sediul cabinetului<br>&#8211; completare\/modificare acte constitutive si \u00eenscrierea la Oficiul Registrului Comertului:<br>&nbsp;&nbsp;&nbsp;&nbsp;&nbsp;&nbsp;&nbsp; &#8211; schimbare denumire societate<br>&nbsp;&nbsp;&nbsp;&nbsp;&nbsp;&nbsp;&nbsp; &#8211; obiect de activitate<br>&nbsp;&nbsp;&nbsp;&nbsp;&nbsp;&nbsp;&nbsp; &#8211; sediu social<br>&nbsp;&nbsp;&nbsp;&nbsp;&nbsp;&nbsp;&nbsp; &#8211; numire\/\u00eenlocuire administratori\/cenzori<br>&nbsp;&nbsp;&nbsp;&nbsp;&nbsp;&nbsp;&nbsp; &#8211; cesiune parti sociale\/actiuni<br>&nbsp;&nbsp;&nbsp;&nbsp;&nbsp;&nbsp;&nbsp; &#8211; majorari si reduceri de capital social<br>&#8211; redactare decizii ale organelor statutare ale societatilor comerciale<br>&#8211; divizari si fuziuni<br>&#8211; lichidari si dizolvari de societati<br>&#8211; autorizatii de functionare pentru punctele de lucru, sucursale, filiale<br>&#8211; consultanta permanenta privind \u00eentreaga activitate juridica a unei societati (pe baza de abonament)<\/p>\n","protected":false},"excerpt":{"rendered":"<p>Drept Civil &#8211; asistenta juridica si reprezentare \u00een litigii civile \u00een fata instantelor judecatoresti&#8211; asistenta juridica \/ reprezentare \u00een cadrul procedurii necontencioase&#8211; contestatii la executare, asistenta \/ reprezentare \u00een faza de executare silita&#8211; recunoasterea hotar\u00e2rilor straine pe teritoriul Rom\u00e2niei Contracte Civile &#8211; negociere, redactare \u00een forma atestata: contracte de v\u00e2nzare-cumparare, \u00eenchiriere, locatiune, comodat, arendare, donatie, [&hellip;]<\/p>\n","protected":false},"author":1,"featured_media":0,"parent":0,"menu_order":0,"comment_status":"closed","ping_status":"closed","template":"","meta":{"_acf_changed":false,"footnotes":""},"class_list":["post-13","page","type-page","status-publish","hentry"],"acf":[],"_links":{"self":[{"href":"https:\/\/avocat-dreptcivil.ro\/index.php\/wp-json\/wp\/v2\/pages\/13","targetHints":{"allow":["GET"]}}],"collection":[{"href":"https:\/\/avocat-dreptcivil.ro\/index.php\/wp-json\/wp\/v2\/pages"}],"about":[{"href":"https:\/\/avocat-dreptcivil.ro\/index.php\/wp-json\/wp\/v2\/types\/page"}],"author":[{"embeddable":true,"href":"https:\/\/avocat-dreptcivil.ro\/index.php\/wp-json\/wp\/v2\/users\/1"}],"replies":[{"embeddable":true,"href":"https:\/\/avocat-dreptcivil.ro\/index.php\/wp-json\/wp\/v2\/comments?post=13"}],"version-history":[{"count":8,"href":"https:\/\/avocat-dreptcivil.ro\/index.php\/wp-json\/wp\/v2\/pages\/13\/revisions"}],"predecessor-version":[{"id":139,"href":"https:\/\/avocat-dreptcivil.ro\/index.php\/wp-json\/wp\/v2\/pages\/13\/revisions\/139"}],"wp:attachment":[{"href":"https:\/\/avocat-dreptcivil.ro\/index.php\/wp-json\/wp\/v2\/media?parent=13"}],"curies":[{"name":"wp","href":"https:\/\/api.w.org\/{rel}","templated":true}]}}