{"id":10,"date":"2022-07-12T12:59:07","date_gmt":"2022-07-12T12:59:07","guid":{"rendered":"https:\/\/avocat-dreptcivil.ro\/sitedev\/?page_id=10"},"modified":"2022-07-18T12:34:17","modified_gmt":"2022-07-18T12:34:17","slug":"prezentare","status":"publish","type":"page","link":"https:\/\/avocat-dreptcivil.ro\/index.php\/prezentare\/","title":{"rendered":"Prezentare"},"content":{"rendered":"\n<div class=\"wp-block-columns is-layout-flex wp-container-core-columns-is-layout-9d6595d7 wp-block-columns-is-layout-flex\">\n<div class=\"wp-block-column is-layout-flow wp-block-column-is-layout-flow\" style=\"flex-basis:100%\">\n<figure class=\"wp-block-image size-large is-style-default\"><img loading=\"lazy\" decoding=\"async\" width=\"1024\" height=\"293\" src=\"https:\/\/avocat-dreptcivil.ro\/wp-content\/uploads\/2022\/07\/Palat-Justitie-1024x293.jpg\" alt=\"\" class=\"wp-image-117\" srcset=\"https:\/\/avocat-dreptcivil.ro\/wp-content\/uploads\/2022\/07\/Palat-Justitie-1024x293.jpg 1024w, https:\/\/avocat-dreptcivil.ro\/wp-content\/uploads\/2022\/07\/Palat-Justitie-300x86.jpg 300w, https:\/\/avocat-dreptcivil.ro\/wp-content\/uploads\/2022\/07\/Palat-Justitie-768x220.jpg 768w, https:\/\/avocat-dreptcivil.ro\/wp-content\/uploads\/2022\/07\/Palat-Justitie-1536x440.jpg 1536w, https:\/\/avocat-dreptcivil.ro\/wp-content\/uploads\/2022\/07\/Palat-Justitie.jpg 1920w\" sizes=\"auto, (max-width: 1024px) 100vw, 1024px\" \/><\/figure>\n<\/div>\n<\/div>\n\n\n\n<p>Cabinet de avocat cu experien\u021b\u0103, situat \u00een imediata vecin\u0103tate a Cur\u021bii de Apel Bucure\u0219ti, oferim reprezentare juridic\u0103 \u00een instan\u0163ele judec\u0103tore\u015fti la orice nivel \u015fi consultan\u0163\u0103 \u00een urmatoarele domenii: drept comercial, drept civil, dreptul de proprietate, drept succesoral, dreptul familiei, dreptul muncii, dreptul asigur\u0103rilor, dreptul consumatorului etc.<\/p>\n","protected":false},"excerpt":{"rendered":"<p>Cabinet de avocat cu experien\u021b\u0103, situat \u00een imediata vecin\u0103tate a Cur\u021bii de Apel Bucure\u0219ti, oferim reprezentare juridic\u0103 \u00een instan\u0163ele judec\u0103tore\u015fti la orice nivel \u015fi consultan\u0163\u0103 \u00een urmatoarele domenii: drept comercial, drept civil, dreptul de proprietate, drept succesoral, dreptul familiei, dreptul muncii, dreptul asigur\u0103rilor, dreptul consumatorului etc.<\/p>\n","protected":false},"author":1,"featured_media":0,"parent":0,"menu_order":0,"comment_status":"closed","ping_status":"closed","template":"","meta":{"_acf_changed":false,"footnotes":""},"class_list":["post-10","page","type-page","status-publish","hentry"],"acf":[],"_links":{"self":[{"href":"https:\/\/avocat-dreptcivil.ro\/index.php\/wp-json\/wp\/v2\/pages\/10","targetHints":{"allow":["GET"]}}],"collection":[{"href":"https:\/\/avocat-dreptcivil.ro\/index.php\/wp-json\/wp\/v2\/pages"}],"about":[{"href":"https:\/\/avocat-dreptcivil.ro\/index.php\/wp-json\/wp\/v2\/types\/page"}],"author":[{"embeddable":true,"href":"https:\/\/avocat-dreptcivil.ro\/index.php\/wp-json\/wp\/v2\/users\/1"}],"replies":[{"embeddable":true,"href":"https:\/\/avocat-dreptcivil.ro\/index.php\/wp-json\/wp\/v2\/comments?post=10"}],"version-history":[{"count":14,"href":"https:\/\/avocat-dreptcivil.ro\/index.php\/wp-json\/wp\/v2\/pages\/10\/revisions"}],"predecessor-version":[{"id":133,"href":"https:\/\/avocat-dreptcivil.ro\/index.php\/wp-json\/wp\/v2\/pages\/10\/revisions\/133"}],"wp:attachment":[{"href":"https:\/\/avocat-dreptcivil.ro\/index.php\/wp-json\/wp\/v2\/media?parent=10"}],"curies":[{"name":"wp","href":"https:\/\/api.w.org\/{rel}","templated":true}]}}